{"id":2956,"date":"2025-05-09T10:59:42","date_gmt":"2025-05-09T10:59:42","guid":{"rendered":"https:\/\/escueladedirecciontoledo.com\/?page_id=2956"},"modified":"2025-08-06T17:19:56","modified_gmt":"2025-08-06T17:19:56","slug":"miquel-arrue","status":"publish","type":"page","link":"https:\/\/escueladedirecciontoledo.com\/en\/miquel-arrue\/","title":{"rendered":"Miquel Arru\u00e9"},"content":{"rendered":"<style type=\"text\/css\" data-created_by=\"avia_inline_auto\" id=\"style-css-av-7i8hff-2379d08d0237e4cea5d0506eb5b84124\">\n.avia-section.av-7i8hff-2379d08d0237e4cea5d0506eb5b84124{\nmargin-top:0px;\nmargin-bottom:0px;\n}\n<\/style>\n<div id='av_section_1'  class='avia-section av-7i8hff-2379d08d0237e4cea5d0506eb5b84124 main_color avia-section-large avia-no-border-styling  avia-builder-el-0  avia-builder-el-no-sibling  avia-bg-style-scroll container_wrap fullsize'  ><div class='container av-section-cont-open' ><main  role=\"main\" itemprop=\"mainContentOfPage\"  class='template-page content  av-content-full alpha units'><div class='post-entry post-entry-type-page post-entry-2956'><div class='entry-content-wrapper clearfix'>\n<div class='flex_column av-2gg7aj-67aed17025d164354ed73c2833d43a3e av_one_full  avia-builder-el-1  el_before_av_one_fifth  avia-builder-el-first  first flex_column_div'     ><style type=\"text\/css\" data-created_by=\"avia_inline_auto\" id=\"style-css-av-m3och5za-a3e36ff8ebc8851f23b4fc9dcdf2b9d3\">\n.avia-image-container.av-m3och5za-a3e36ff8ebc8851f23b4fc9dcdf2b9d3 img.avia_image{\nbox-shadow:none;\n}\n.avia-image-container.av-m3och5za-a3e36ff8ebc8851f23b4fc9dcdf2b9d3 .av-image-caption-overlay-center{\ncolor:#ffffff;\n}\n<\/style>\n<div  class='avia-image-container av-m3och5za-a3e36ff8ebc8851f23b4fc9dcdf2b9d3 av-styling- avia-align-center  avia-builder-el-2  avia-builder-el-no-sibling'   itemprop=\"image\" itemscope=\"itemscope\" itemtype=\"https:\/\/schema.org\/ImageObject\" ><div class=\"avia-image-container-inner\"><div class=\"avia-image-overlay-wrap\"><img decoding=\"async\" class='wp-image-2950 avia-img-lazy-loading-not-2950 avia_image' src=\"https:\/\/escueladedirecciontoledo.com\/wp-content\/uploads\/2025\/05\/4.png\" alt='' title='4'  height=\"1080\" width=\"1080\"  itemprop=\"thumbnailUrl\" srcset=\"https:\/\/escueladedirecciontoledo.com\/wp-content\/uploads\/2025\/05\/4.png 1080w, https:\/\/escueladedirecciontoledo.com\/wp-content\/uploads\/2025\/05\/4-300x300.png 300w, https:\/\/escueladedirecciontoledo.com\/wp-content\/uploads\/2025\/05\/4-1030x1030.png 1030w, https:\/\/escueladedirecciontoledo.com\/wp-content\/uploads\/2025\/05\/4-80x80.png 80w, https:\/\/escueladedirecciontoledo.com\/wp-content\/uploads\/2025\/05\/4-768x768.png 768w, https:\/\/escueladedirecciontoledo.com\/wp-content\/uploads\/2025\/05\/4-12x12.png 12w, https:\/\/escueladedirecciontoledo.com\/wp-content\/uploads\/2025\/05\/4-36x36.png 36w, https:\/\/escueladedirecciontoledo.com\/wp-content\/uploads\/2025\/05\/4-180x180.png 180w, https:\/\/escueladedirecciontoledo.com\/wp-content\/uploads\/2025\/05\/4-705x705.png 705w\" sizes=\"(max-width: 1080px) 100vw, 1080px\" \/><\/div><\/div><\/div><\/div><div class='flex_column av-5sw6yz-90b17d618225d09b94617998e033c031 av_one_fifth  avia-builder-el-3  el_after_av_one_full  el_before_av_three_fifth  first flex_column_div column-top-margin'     ><\/div><div class='flex_column av-3pgcwr-6835c2034591e3678ebfe05e2136d196 av_three_fifth  avia-builder-el-4  el_after_av_one_fifth  el_before_av_one_fifth  flex_column_div column-top-margin'     ><style type=\"text\/css\" data-created_by=\"avia_inline_auto\" id=\"style-css-av-m2sumu4i-81734c95fd81ffc3babb71735d45f45e\">\n#top .av_textblock_section.av-m2sumu4i-81734c95fd81ffc3babb71735d45f45e .avia_textblock{\nfont-size:19px;\n}\n<\/style>\n<section  class='av_textblock_section av-m2sumu4i-81734c95fd81ffc3babb71735d45f45e'  itemscope=\"itemscope\" itemtype=\"https:\/\/schema.org\/CreativeWork\" ><div class='avia_textblock av_inherit_color'  itemprop=\"text\" ><p style=\"text-align: center;\">Compositor y director. Estudia composici\u00f3n con Carles Guinovart, Joan Albert Amarg\u00f3s, Benet Casablancas y Jonathan Harvey en el conservatorio del Liceo. El 2022 recibe el primer premio de composici\u00f3n para banda \u201cEmili Gim\u00e9nez Bou\u201d, a la categor\u00eda \u201cde obra sinf\u00f3nica de concierto\u201d. Sus obras han sido interpretadas en Catalu\u00f1a, Espa\u00f1a, Francia, Australia y en salas tan prestigiosas como el Palau de la M\u00fasica de Barcelona o el Castell de Bellver en Palma de Mallorca. Paralelamente estudia direcci\u00f3n de orquesta con Denise Hamp, profesora de la London Conducting Academy. Se ha especializado con direcci\u00f3n de banda con directores como Pascual Vilaplana, Salvador Sebasti\u00e0, Carlos Garc\u00e9s, Juan F. Ballesteros, David Colado y Jos\u00e9 Alberto Pina. Es vicepresidente de Unlock arte y fundador de su orquesta de c\u00e1mara. Actualmente, es director de la banda sinf\u00f3nica de Badalona y SAM de Castellnovo. Banda con la cual obtuvo el primer premio de la segunda secci\u00f3n del certamen de bandas de Diputaci\u00f3n de Castell\u00f3, en mayo de 2024.<\/p>\n<\/div><\/section><\/div><div class='flex_column av-28cpgr-a9f15655087fefe296449d17ac88c6b3 av_one_fifth  avia-builder-el-6  el_after_av_three_fifth  avia-builder-el-last  flex_column_div column-top-margin'     ><\/div>","protected":false},"excerpt":{"rendered":"","protected":false},"author":2,"featured_media":2500,"parent":0,"menu_order":0,"comment_status":"closed","ping_status":"closed","template":"","meta":{"slim_seo":{"title":"Miquel Arru\u00e9 - Escuela Direcci\u00f3n Toledo","description":"Compositor y director. Estudia composici\u00f3n con Carles Guinovart, Joan Albert Amarg\u00f3s, Benet Casablancas y Jonathan Harvey en el conservatorio del Liceo. El 2022"},"footnotes":""},"class_list":["post-2956","page","type-page","status-publish","has-post-thumbnail","hentry"],"_links":{"self":[{"href":"https:\/\/escueladedirecciontoledo.com\/en\/wp-json\/wp\/v2\/pages\/2956","targetHints":{"allow":["GET"]}}],"collection":[{"href":"https:\/\/escueladedirecciontoledo.com\/en\/wp-json\/wp\/v2\/pages"}],"about":[{"href":"https:\/\/escueladedirecciontoledo.com\/en\/wp-json\/wp\/v2\/types\/page"}],"author":[{"embeddable":true,"href":"https:\/\/escueladedirecciontoledo.com\/en\/wp-json\/wp\/v2\/users\/2"}],"replies":[{"embeddable":true,"href":"https:\/\/escueladedirecciontoledo.com\/en\/wp-json\/wp\/v2\/comments?post=2956"}],"version-history":[{"count":3,"href":"https:\/\/escueladedirecciontoledo.com\/en\/wp-json\/wp\/v2\/pages\/2956\/revisions"}],"predecessor-version":[{"id":3109,"href":"https:\/\/escueladedirecciontoledo.com\/en\/wp-json\/wp\/v2\/pages\/2956\/revisions\/3109"}],"wp:featuredmedia":[{"embeddable":true,"href":"https:\/\/escueladedirecciontoledo.com\/en\/wp-json\/wp\/v2\/media\/2500"}],"wp:attachment":[{"href":"https:\/\/escueladedirecciontoledo.com\/en\/wp-json\/wp\/v2\/media?parent=2956"}],"curies":[{"name":"wp","href":"https:\/\/api.w.org\/{rel}","templated":true}]}}