{"id":2164,"date":"2024-10-28T14:53:17","date_gmt":"2024-10-28T14:53:17","guid":{"rendered":"https:\/\/escueladedirecciontoledo.com\/?page_id=2164"},"modified":"2025-09-08T04:11:34","modified_gmt":"2025-09-08T04:11:34","slug":"contenidos","status":"publish","type":"page","link":"https:\/\/escueladedirecciontoledo.com\/en\/contenidos\/","title":{"rendered":"Contenidos"},"content":{"rendered":"<div class='flex_column av-9qjfic-4d333c1be23f34e568101edb617e8eb3 av_one_full  avia-builder-el-0  el_before_av_one_full  avia-builder-el-first  first flex_column_div'     ><style type=\"text\/css\" data-created_by=\"avia_inline_auto\" id=\"style-css-av-79k75g-5f5937b83fd38f2cf3241c47d4ed25d7\">\n#top .av-special-heading.av-79k75g-5f5937b83fd38f2cf3241c47d4ed25d7{\npadding-bottom:10px;\ncolor:#b02b2c;\n}\nbody .av-special-heading.av-79k75g-5f5937b83fd38f2cf3241c47d4ed25d7 .av-special-heading-tag .heading-char{\nfont-size:25px;\n}\n.av-special-heading.av-79k75g-5f5937b83fd38f2cf3241c47d4ed25d7 .special-heading-inner-border{\nborder-color:#b02b2c;\n}\n.av-special-heading.av-79k75g-5f5937b83fd38f2cf3241c47d4ed25d7 .av-subheading{\nfont-size:15px;\n}\n<\/style>\n<div  class='av-special-heading av-79k75g-5f5937b83fd38f2cf3241c47d4ed25d7 av-special-heading-h2 custom-color-heading blockquote modern-quote modern-centered  avia-builder-el-1  avia-builder-el-no-sibling'><h2 class='av-special-heading-tag'  itemprop=\"headline\"  >Presentaci\u00f3n<\/h2><div class=\"special-heading-border\"><div class=\"special-heading-inner-border\"><\/div><\/div><\/div><\/div>\n<div class='flex_column av-gvwdw-e30e95f77f46975cc5e2f5025ca5e3bf av_one_full  avia-builder-el-2  el_after_av_one_full  el_before_av_textblock  first flex_column_div column-top-margin'     ><\/div>\n\n<style type=\"text\/css\" data-created_by=\"avia_inline_auto\" id=\"style-css-av-2xfhh0-ade1745b64a6dc0379deda3aff59e561\">\n#top .av_textblock_section.av-2xfhh0-ade1745b64a6dc0379deda3aff59e561 .avia_textblock{\nfont-size:21px;\ntext-align:center;\n}\n<\/style>\n<section  class='av_textblock_section av-2xfhh0-ade1745b64a6dc0379deda3aff59e561'  itemscope=\"itemscope\" itemtype=\"https:\/\/schema.org\/CreativeWork\" ><div class='avia_textblock av_inherit_color'  itemprop=\"text\" ><p style=\"text-align: left;\">El curso de la <strong>Escuela de Direcci\u00f3n de Toledo<\/strong> est\u00e1 articulado a trav\u00e9s de <em>masterclasses<\/em> a lo largo del curso de manera mensual.<\/p>\n<p style=\"text-align: left;\">En cada sesi\u00f3n se trabajar\u00e1 la mec\u00e1nica de la direcci\u00f3n desde diferentes prismas y focos sonoros: desde pr\u00e1cticas con co-repetici\u00f3n de piano hasta su aplicaci\u00f3n a la Banda Sinf\u00f3nica, pasando por diferentes agrupaciones camer\u00edsticas.<\/p>\n<p style=\"text-align: left;\">El valor del curso depender\u00e1 de la modalidad de matr\u00edcula, esto es, alumnado activo vs alumnado oyente, adem\u00e1s de diferentes descuentos.<\/p>\n<p>Las clases tendr\u00e1n lugar en la sede de la <strong>Banda Municipal de Yeles<\/strong> (Toledo), sita en calle Lavaderos s\/n (trasera edificio del Ayuntamiento) 45220.<\/p>\n<p style=\"text-align: left;\">Los alumnos y alumnas que sean asociados a la <strong>Federaci\u00f3n Regional Castellano-Manchega de Sociedades Musicales<\/strong> tendr\u00e1n un descuento del 20% \u00a0sobre la tarifa general en la modalidad de activo y del 100% en la modalidad de oyente, en la formaci\u00f3n no reglada de la Escuela de Direccion de Toledo.<\/p>\n<\/div><\/section>\n<div class='flex_column av-guedg-b436a6456ed722913ae5b4fb3bf7251c av_one_full  avia-builder-el-4  el_after_av_textblock  el_before_av_one_full  first flex_column_div column-top-margin'     ><style type=\"text\/css\" data-created_by=\"avia_inline_auto\" id=\"style-css-av-mdytc6z1-66fe28854360ef9b7030e08a21315222\">\n#top .av-special-heading.av-mdytc6z1-66fe28854360ef9b7030e08a21315222{\npadding-bottom:10px;\ncolor:#b02b2c;\n}\nbody .av-special-heading.av-mdytc6z1-66fe28854360ef9b7030e08a21315222 .av-special-heading-tag .heading-char{\nfont-size:25px;\n}\n.av-special-heading.av-mdytc6z1-66fe28854360ef9b7030e08a21315222 .special-heading-inner-border{\nborder-color:#b02b2c;\n}\n.av-special-heading.av-mdytc6z1-66fe28854360ef9b7030e08a21315222 .av-subheading{\nfont-size:15px;\n}\n<\/style>\n<div  class='av-special-heading av-mdytc6z1-66fe28854360ef9b7030e08a21315222 av-special-heading-h2 custom-color-heading blockquote modern-quote modern-centered  avia-builder-el-5  avia-builder-el-no-sibling'><h2 class='av-special-heading-tag'  itemprop=\"headline\"  >Planificaci\u00f3n de las clases<\/h2><div class=\"special-heading-border\"><div class=\"special-heading-inner-border\"><\/div><\/div><\/div><\/div>\n<div class='flex_column av-2sg350-182b2bedc832310af9502097145216fe av_one_full  avia-builder-el-6  el_after_av_one_full  el_before_av_textblock  first flex_column_div column-top-margin'     ><\/div>\n<section  class='av_textblock_section av-mdytdnwc-083de5330e4421f19aeb96d96b818fe8'  itemscope=\"itemscope\" itemtype=\"https:\/\/schema.org\/CreativeWork\" ><div class='avia_textblock'  itemprop=\"text\" ><p style=\"text-align: left;\">La <strong>Escuela de Direcci\u00f3n de Toledo<\/strong> ofrece un curso completo de octubre a mayo con el foco en la Direcci\u00f3n de Banda. La mec\u00e1nica de la direcci\u00f3n ser\u00e1 el eje principal pero sin olvidar aspectos tan importantes como al gesti\u00f3n human\u00edstica del grupo, la comunicacion verbal y no verbal y, por supuesto, el an\u00e1lisis musical aplicado.<\/p>\n<p style=\"text-align: left;\">La <strong>mec\u00e1nica<\/strong> (o t\u00e9cnica) de direcci\u00f3n nos permite comunicarnos de forma eficiente con la Banda igual que ocurre con un instrumento. Nuestra musicalidad, expresividad, criterio interpretativo y valor emocional no es nada si no conocemos la t\u00e9cnica del instrumento. Pero, es tambi\u00e9n cierto, que la t\u00e9cnica sin m\u00e1s no conduce a nada.<\/p>\n<p style=\"text-align: left;\">El conocimiento de la <strong>partitura<\/strong>. La solvencia <strong>t\u00e9cnica<\/strong>. La resoluci\u00f3n de la <strong>comunicaci\u00f3n<\/strong> y <strong>empat\u00eda<\/strong> con los m\u00fasicos. Todo ello hace una amalgama indisoluble precisa para la praxis de cualquier director o directora especialmente de Banda, donde el mundo amateur y profesional convergen.<\/p>\n<\/div><\/section>\n<div class='flex_column av-mvy5w-0a8564aad358349a7abea712319c4655 av_one_full  avia-builder-el-8  el_after_av_textblock  el_before_av_one_full  first flex_column_div column-top-margin'     ><style type=\"text\/css\" data-created_by=\"avia_inline_auto\" id=\"style-css-av-mdytgwrh-26ee88992a8dd44323d1bacb4a465e52\">\n#top .av-special-heading.av-mdytgwrh-26ee88992a8dd44323d1bacb4a465e52{\npadding-bottom:10px;\ncolor:#b02b2c;\n}\nbody .av-special-heading.av-mdytgwrh-26ee88992a8dd44323d1bacb4a465e52 .av-special-heading-tag .heading-char{\nfont-size:25px;\n}\n.av-special-heading.av-mdytgwrh-26ee88992a8dd44323d1bacb4a465e52 .special-heading-inner-border{\nborder-color:#b02b2c;\n}\n.av-special-heading.av-mdytgwrh-26ee88992a8dd44323d1bacb4a465e52 .av-subheading{\nfont-size:15px;\n}\n<\/style>\n<div  class='av-special-heading av-mdytgwrh-26ee88992a8dd44323d1bacb4a465e52 av-special-heading-h2 custom-color-heading blockquote modern-quote modern-centered  avia-builder-el-9  avia-builder-el-no-sibling'><h2 class='av-special-heading-tag'  itemprop=\"headline\"  >Contenidos<\/h2><div class=\"special-heading-border\"><div class=\"special-heading-inner-border\"><\/div><\/div><\/div><\/div>\n<div class='flex_column av-12l0jpg-aa70cb26d4803c20980290a2e82e8aee av_one_full  avia-builder-el-10  el_after_av_one_full  el_before_av_table  first flex_column_div column-top-margin'     ><\/div>\n<div  class='avia-table av-3qiq38-5faa65f3b24dc3a40f961dbd5273867e main_color avia-pricing-table-container avia_pricing_default  avia-builder-el-11  el_after_av_one_full  el_before_av_table  avia-table-1'  itemscope=\"itemscope\" itemtype=\"https:\/\/schema.org\/Table\" ><div class=\"pricing-table-wrap\"><ul class='pricing-table avia-center-col'><li class='avia-heading-row'><div class='first-table-item'>5 HORAS MENSUALES PRESENCIALES de 10 a 15h<\/div><span class='pricing-extra'><\/span><\/li><li class=''>mec\u00e1nica de la direcci\u00f3n<\/li><li class=''>did\u00e1ctica de ensayo<\/li><li class=''>comunicaci\u00f3n no verbal<\/li><li class=''>psicolog\u00eda de la direcci\u00f3n<\/li><li class=''>repertorio<\/li><li class=''>pr\u00e1cticas con foco sonoro piano (todo el curso)<\/li><li class=''>pr\u00e1cticas con ensemble (3 encuentros)<\/li><li class=''>pr\u00e1ctica con banda sinf\u00f3nica (\u00faltimo encuentro)<\/li><\/ul><\/div><\/div>\n<div  class='avia-table av-jfwdkk-b5d9bdff065245b5e50b1584f36184b8 main_color avia-pricing-table-container avia_pricing_default  avia-builder-el-12  el_after_av_table  el_before_av_one_full  avia-table-2'  itemscope=\"itemscope\" itemtype=\"https:\/\/schema.org\/Table\" ><div class=\"pricing-table-wrap\"><ul class='pricing-table avia-center-col'><li class='avia-heading-row'><div class='first-table-item'>4 HORAS MENSUALES ONLINE<\/div><span class='pricing-extra'><\/span><\/li><li class=''>seminario de marketing aplicado a la m\u00fasica<\/li><li class=''>seminario de comunicaci\u00f3n y psicolog\u00eda de la direcci\u00f3n<\/li><li class=''>seminario de an\u00e1lisis aplicado<\/li><li class=''>mentor\u00eda proyecto personal<\/li><\/ul><\/div><\/div>\n<div class='flex_column av-3hrnhw-a8f51b17ce07b065fd30e7476ef64ba3 av_one_full  avia-builder-el-13  el_after_av_table  el_before_av_one_full  first flex_column_div'     ><style type=\"text\/css\" data-created_by=\"avia_inline_auto\" id=\"style-css-av-mdyttq36-ac35e8094401ad89619025c8ac250375\">\n#top .av-special-heading.av-mdyttq36-ac35e8094401ad89619025c8ac250375{\npadding-bottom:10px;\ncolor:#b02b2c;\n}\nbody .av-special-heading.av-mdyttq36-ac35e8094401ad89619025c8ac250375 .av-special-heading-tag .heading-char{\nfont-size:25px;\n}\n.av-special-heading.av-mdyttq36-ac35e8094401ad89619025c8ac250375 .special-heading-inner-border{\nborder-color:#b02b2c;\n}\n.av-special-heading.av-mdyttq36-ac35e8094401ad89619025c8ac250375 .av-subheading{\nfont-size:15px;\n}\n<\/style>\n<div  class='av-special-heading av-mdyttq36-ac35e8094401ad89619025c8ac250375 av-special-heading-h2 custom-color-heading blockquote modern-quote modern-centered  avia-builder-el-14  avia-builder-el-no-sibling'><h2 class='av-special-heading-tag'  itemprop=\"headline\"  >Metodologia<\/h2><div class=\"special-heading-border\"><div class=\"special-heading-inner-border\"><\/div><\/div><\/div><\/div>\n<div class='flex_column av-2xjk2s-74e3485bba9ed03f2e54b03f03f3aea6 av_one_full  avia-builder-el-15  el_after_av_one_full  el_before_av_textblock  first flex_column_div column-top-margin'     ><\/div>\n\n<style type=\"text\/css\" data-created_by=\"avia_inline_auto\" id=\"style-css-av-mdytx904-21a6b7f6468dda6f000a557d55cc9e6a\">\n#top .av_textblock_section.av-mdytx904-21a6b7f6468dda6f000a557d55cc9e6a .avia_textblock{\nfont-size:21px;\n}\n<\/style>\n<section  class='av_textblock_section av-mdytx904-21a6b7f6468dda6f000a557d55cc9e6a'  itemscope=\"itemscope\" itemtype=\"https:\/\/schema.org\/CreativeWork\" ><div class='avia_textblock'  itemprop=\"text\" ><p>Las clases est\u00e1n enfocadas a la resoluci\u00f3n de los retos que nos plantea la partitura. Desde el conocimiento profundo de esta para comunicar una propuesta art\u00edstica y emocional a la Banda. Del mismo modo, la fundamentaci\u00f3n de la praxis de la direcci\u00f3n a trav\u00e9s de una comunicaci\u00f3n efectiva \u00a0tiene como objeto que m\u00fasica se transmita a los m\u00fasicos de la manera m\u00e1s fiel tal y como el director o directora la elabora en su interior. Por tanto, la psicolog\u00eda de la direcci\u00f3n ser\u00e1 tambi\u00e9n un punto importante a la hora de gestionar todo lo que supone el hecho de dirigir. Todo ello configura una did\u00e1ctica de ensayo cuyo objetivo es la excelencia interpretativa, expresiva y art\u00edstica.<\/p>\n<p style=\"text-align: left;\"><strong>contenidos espec\u00edficos mec\u00e1nica de la direcci\u00f3n<\/strong><\/p>\n<ul>\n<li style=\"text-align: left;\">ritmo inicial \/ ritmo final<\/li>\n<li style=\"text-align: left;\">gesti\u00f3n del calder\u00f3n<\/li>\n<li style=\"text-align: left;\">t\u00e9cnica de sincopaci\u00f3n<\/li>\n<li style=\"text-align: left;\">control efectivo de la \u00a0din\u00e1mica<\/li>\n<li style=\"text-align: left;\">control efectivo de la ag\u00f3gica<\/li>\n<li style=\"text-align: left;\">conducci\u00f3n y concertaci\u00f3n<\/li>\n<li style=\"text-align: left;\">respiraci\u00f3n expresiva<\/li>\n<li style=\"text-align: left;\">t\u00e9cnica del fraseo<\/li>\n<li style=\"text-align: left;\">compases irregulares<\/li>\n<li style=\"text-align: left;\">c\u00f3mo dirigir a los diferentes instrumentos<\/li>\n<\/ul>\n<p style=\"text-align: left;\"><strong>an\u00e1lisis aplicado<\/strong><\/p>\n<ul>\n<li style=\"text-align: left;\">conocimiento macro de la partitura<\/li>\n<li style=\"text-align: left;\">conocimiento micro de la partitura<\/li>\n<li style=\"text-align: left;\">relaci\u00f3n entre el macro y el micro<\/li>\n<li style=\"text-align: left;\">memorizaci\u00f3n de la partitura<\/li>\n<li style=\"text-align: left;\">armon\u00eda y contrapunto aplicado<\/li>\n<li style=\"text-align: left;\">relaci\u00f3n entre la forma y la est\u00e9tica<\/li>\n<li style=\"text-align: left;\">fundamentos compositivos para la direcci\u00f3n<\/li>\n<li style=\"text-align: left;\">lenguaje y expresi\u00f3n sonora<\/li>\n<\/ul>\n<p style=\"text-align: left;\"><strong>foco sonoro \/ did\u00e1ctica de ensayo<\/strong><\/p>\n<ul>\n<li style=\"text-align: left;\">foco sonoro piano<\/li>\n<li style=\"text-align: left;\">foco sonoro ensemble<\/li>\n<li style=\"text-align: left;\">foco sonoro banda sinfonica<\/li>\n<li style=\"text-align: left;\">aplicaci\u00f3n real al sonido<\/li>\n<li style=\"text-align: left;\">afinaci\u00f3n y entonaci\u00f3n fina<\/li>\n<li style=\"text-align: left;\">construcci\u00f3n vertical del sonido<\/li>\n<li style=\"text-align: left;\">construcci\u00f3n horizontal del sonido<\/li>\n<li style=\"text-align: left;\">aplicaci\u00f3n real de la din\u00e1mica y la ag\u00f3gica<\/li>\n<\/ul>\n<p><strong>comunicaci\u00f3n efectiva \/ psicolog\u00eda de la direcci\u00f3n<\/strong><\/p>\n<ul>\n<li style=\"text-align: left;\">comunicaci\u00f3n verbal<\/li>\n<li style=\"text-align: left;\">uso del lenguaje<\/li>\n<li style=\"text-align: left;\">lenguaje positivo y sus consecuencias<\/li>\n<li style=\"text-align: left;\">gesti\u00f3n de grupos<\/li>\n<li style=\"text-align: left;\">predisposici\u00f3n emp\u00e1tica<\/li>\n<li style=\"text-align: left;\">comunicaci\u00f3n no verbal<\/li>\n<li style=\"text-align: left;\">control postural<\/li>\n<li style=\"text-align: left;\">comunicacion insconsciente del cuerpo<\/li>\n<li style=\"text-align: left;\">resoluci\u00f3n de conflictos<\/li>\n<li style=\"text-align: left;\">el arte de escuchar<\/li>\n<li style=\"text-align: left;\">el arte de no juzgar<\/li>\n<li style=\"text-align: left;\">patrones de comportamiento<\/li>\n<li style=\"text-align: left;\">paradigma del m\u00fasico<\/li>\n<li style=\"text-align: left;\">recursos verbales y emocionales<\/li>\n<\/ul>\n<p><strong>marketing aplicado a la m\u00fasica<\/strong><\/p>\n<ul>\n<li style=\"text-align: left;\">marketing human\u00edstico<\/li>\n<li style=\"text-align: left;\">marketing digital<\/li>\n<li style=\"text-align: left;\">marketing off line<\/li>\n<li style=\"text-align: left;\">comunicaci\u00f3n audiovisual<\/li>\n<li style=\"text-align: left;\">gesti\u00f3n de la comunicaci\u00f3n<\/li>\n<li style=\"text-align: left;\">conceptos de venta<\/li>\n<li style=\"text-align: left;\">venta efectiva<\/li>\n<li style=\"text-align: left;\">creaci\u00f3n de proyectos<\/li>\n<li style=\"text-align: left;\">mentorizaci\u00f3n y seguimiento<\/li>\n<\/ul>\n<\/div><\/section>\n<div class='flex_column av-39g86c-da13d3babd41b98dd0cbedf11ba508ca av_one_full  avia-builder-el-17  el_after_av_textblock  el_before_av_one_full  first flex_column_div column-top-margin'     ><style type=\"text\/css\" data-created_by=\"avia_inline_auto\" id=\"style-css-av-mdytn1yu-356341b9dde753682e5dd0fedddb317e\">\n#top .av-special-heading.av-mdytn1yu-356341b9dde753682e5dd0fedddb317e{\npadding-bottom:10px;\ncolor:#b02b2c;\n}\nbody .av-special-heading.av-mdytn1yu-356341b9dde753682e5dd0fedddb317e .av-special-heading-tag .heading-char{\nfont-size:25px;\n}\n.av-special-heading.av-mdytn1yu-356341b9dde753682e5dd0fedddb317e .special-heading-inner-border{\nborder-color:#b02b2c;\n}\n.av-special-heading.av-mdytn1yu-356341b9dde753682e5dd0fedddb317e .av-subheading{\nfont-size:15px;\n}\n<\/style>\n<div  class='av-special-heading av-mdytn1yu-356341b9dde753682e5dd0fedddb317e av-special-heading-h2 custom-color-heading blockquote modern-quote modern-centered  avia-builder-el-18  avia-builder-el-no-sibling'><h2 class='av-special-heading-tag'  itemprop=\"headline\"  >Profesores<\/h2><div class=\"special-heading-border\"><div class=\"special-heading-inner-border\"><\/div><\/div><\/div><\/div>\n<div class='flex_column av-x93t0-7fb2e180400e5bca5f800e7aa2861c64 av_one_full  avia-builder-el-19  el_after_av_one_full  el_before_av_button  first flex_column_div column-top-margin'     ><\/div>\n<div  class='avia-button-wrap av-mdz14e9x-e8c4e57bcb2dbeb137bca6a9c7060d2f-wrap avia-button-center  avia-builder-el-20  el_after_av_one_full  el_before_av_one_full' ><a href='https:\/\/escueladedirecciontoledo.com\/en\/profesores\/'  class='avia-button av-mdz14e9x-e8c4e57bcb2dbeb137bca6a9c7060d2f avia-icon_select-no avia-size-x-large avia-position-center avia-color-theme-color'  target=\"_blank\"  rel=\"noopener noreferrer\"><span class='avia_iconbox_title' >ir a profesores <\/span><\/a><\/div>\n<div class='flex_column av-872h2s-ebebf17678b47cf6cf4577158213fac7 av_one_full  avia-builder-el-21  el_after_av_button  el_before_av_one_full  first flex_column_div'     ><\/div>\n<div class='flex_column av-1ult44-63d9170d20c45f3940a0ba48abb886cb av_one_full  avia-builder-el-22  el_after_av_one_full  el_before_av_one_full  first flex_column_div column-top-margin'     ><\/div>\n<div class='flex_column av-3pmsec-f27dfdbe2de9df541fc0c4cabff1af71 av_one_full  avia-builder-el-23  el_after_av_one_full  el_before_av_one_fourth  first flex_column_div column-top-margin'     ><style type=\"text\/css\" data-created_by=\"avia_inline_auto\" id=\"style-css-av-24qltw-e2137d2b5af4b75073cdc64e8df19115\">\n#top .av-special-heading.av-24qltw-e2137d2b5af4b75073cdc64e8df19115{\npadding-bottom:10px;\ncolor:#b02b2c;\n}\nbody .av-special-heading.av-24qltw-e2137d2b5af4b75073cdc64e8df19115 .av-special-heading-tag .heading-char{\nfont-size:25px;\n}\n.av-special-heading.av-24qltw-e2137d2b5af4b75073cdc64e8df19115 .special-heading-inner-border{\nborder-color:#b02b2c;\n}\n.av-special-heading.av-24qltw-e2137d2b5af4b75073cdc64e8df19115 .av-subheading{\nfont-size:15px;\n}\n<\/style>\n<div  class='av-special-heading av-24qltw-e2137d2b5af4b75073cdc64e8df19115 av-special-heading-h2 custom-color-heading blockquote modern-quote modern-centered  avia-builder-el-24  avia-builder-el-no-sibling'><h2 class='av-special-heading-tag'  itemprop=\"headline\"  >Valor de todo el curso (octubre-mayo)<\/h2><div class=\"special-heading-border\"><div class=\"special-heading-inner-border\"><\/div><\/div><\/div><\/div>\n<div class='flex_column av-2s0fv8-73132cc766f57320cf70d42460b31387 av_one_fourth  avia-builder-el-25  el_after_av_one_full  el_before_av_one_half  first flex_column_div column-top-margin'     ><\/div>\n<div class='flex_column av-4l59g4-6f895d875897c33b4fc28d9b2c664045 av_one_half  avia-builder-el-26  el_after_av_one_fourth  el_before_av_one_fourth  flex_column_div column-top-margin'     ><div  class='avia-table av-17xm9wk-bf4657b34e07ad605777429929b4c858 main_color avia-pricing-table-container avia_pricing_minimal  avia-builder-el-27  avia-builder-el-no-sibling  avia-table-3'  itemscope=\"itemscope\" itemtype=\"https:\/\/schema.org\/Table\" ><div class=\"pricing-table-wrap\"><ul class='pricing-table avia-center-col'><li class='avia-heading-row'><div class='first-table-item'>modalidad activo<\/div><span class='pricing-extra'><\/span><\/li><li class=''>147\u20ac \/ mes o 1100\u20ac \/ curso<\/li><li class='avia-heading-row'>modalidad oyente<\/li><li class=''>600\u20ac\/curso<br \/>\nincluye todas las disciplinas excepto las pr\u00e1cticas sonoras<\/li><li class='avia-heading-row'>modalidad activo<br \/>\nmiembro Federaci\u00f3n Regional Castellano Manchega<br \/>\n(20% off)<\/li><li class=''>117\u20ac \/ mes o 880\u20ac \/ curso<\/li><li class='avia-heading-row'>modalidad oyente<br \/>\nmiembro Federaci\u00f3n Regional Castellano Manchega<\/li><li class=''>GRATUITO<\/li><\/ul><\/div><\/div><\/div>\n<div class='flex_column av-2k18d0-10344140dd4040f249ceeac0d2e7e0a2 av_one_fourth  avia-builder-el-28  el_after_av_one_half  el_before_av_textblock  flex_column_div column-top-margin'     ><\/div>\n<section  class='av_textblock_section av-mdyzm9et-f080a42369c076594c86eefe16d2498b'  itemscope=\"itemscope\" itemtype=\"https:\/\/schema.org\/CreativeWork\" ><div class='avia_textblock'  itemprop=\"text\" ><p style=\"text-align: center;\"><strong>NB <\/strong><em>La modalidad de pago mensual supone pagar por adelantado los 3 primeros meses y aceptar domiciliaci\u00f3n bancaria.<\/em><\/p>\n<\/div><\/section>\n<div class='flex_column av-7m7g1g-a1f49810adfa6f65c13d898fe651824e av_one_full  avia-builder-el-30  el_after_av_textblock  el_before_av_one_full  first flex_column_div column-top-margin'     ><\/div>\n<div class='flex_column av-5fodck-c2132ea1f084739e25961002683a9289 av_one_full  avia-builder-el-31  el_after_av_one_full  el_before_av_one_full  first flex_column_div column-top-margin'     ><\/div>\n<div class='flex_column av-4bkm1g-17f763633af58508b26b8af73f884d78 av_one_full  avia-builder-el-32  el_after_av_one_full  el_before_av_button  first flex_column_div column-top-margin'     ><p>\n<style type=\"text\/css\" data-created_by=\"avia_inline_auto\" id=\"style-css-av-2vetqc-1eddabd74c81de3986439a83cc94eb98\">\n#top .av-special-heading.av-2vetqc-1eddabd74c81de3986439a83cc94eb98{\npadding-bottom:10px;\ncolor:#b02b2c;\n}\nbody .av-special-heading.av-2vetqc-1eddabd74c81de3986439a83cc94eb98 .av-special-heading-tag .heading-char{\nfont-size:25px;\n}\n.av-special-heading.av-2vetqc-1eddabd74c81de3986439a83cc94eb98 .special-heading-inner-border{\nborder-color:#b02b2c;\n}\n.av-special-heading.av-2vetqc-1eddabd74c81de3986439a83cc94eb98 .av-subheading{\nfont-size:15px;\n}\n<\/style>\n<div  class='av-special-heading av-2vetqc-1eddabd74c81de3986439a83cc94eb98 av-special-heading-h2 custom-color-heading blockquote modern-quote modern-centered  avia-builder-el-33  el_before_av_codeblock  avia-builder-el-first'><h2 class='av-special-heading-tag'  itemprop=\"headline\"  >Inscripci\u00f3n<\/h2><div class=\"special-heading-border\"><div class=\"special-heading-inner-border\"><\/div><\/div><\/div><br \/>\n<\/p><\/div>\n<div  class='avia-button-wrap av-m2t5h26w-b32bd2c2422a49c60f9986fc5fea3086-wrap avia-button-center  avia-builder-el-35  el_after_av_one_full  el_before_av_one_full' ><a href='https:\/\/escueladedirecciontoledo.com\/en\/'  class='avia-button av-m2t5h26w-b32bd2c2422a49c60f9986fc5fea3086 avia-icon_select-no avia-size-small avia-position-center avia-color-theme-color-subtle' ><span class='avia_iconbox_title' >back<\/span><\/a><\/div>\n<div class='flex_column av-2gc4p0-c6cbe06db084285d549debf5daf1cea2 av_one_full  avia-builder-el-36  el_after_av_button  avia-builder-el-last  first flex_column_div'     ><\/div>","protected":false},"excerpt":{"rendered":"","protected":false},"author":2,"featured_media":2500,"parent":0,"menu_order":0,"comment_status":"closed","ping_status":"closed","template":"","meta":{"slim_seo":{"facebook_image":"https:\/\/escueladedirecciontoledo.com\/wp-content\/uploads\/2025\/01\/cropped-WhatsApp-Image-2025-01-29-at-4.08.58\u202fp.\u202fm-300x300.jpeg","title":"Contenidos - Escuela Direcci\u00f3n Toledo","description":"Presentaci\u00f3n El curso de la Escuela de Direcci\u00f3n de Toledo est\u00e1 articulado a trav\u00e9s de masterclasses a lo largo del curso de manera mensual. En cada sesi\u00f3n se t"},"footnotes":""},"class_list":["post-2164","page","type-page","status-publish","has-post-thumbnail","hentry"],"_links":{"self":[{"href":"https:\/\/escueladedirecciontoledo.com\/en\/wp-json\/wp\/v2\/pages\/2164","targetHints":{"allow":["GET"]}}],"collection":[{"href":"https:\/\/escueladedirecciontoledo.com\/en\/wp-json\/wp\/v2\/pages"}],"about":[{"href":"https:\/\/escueladedirecciontoledo.com\/en\/wp-json\/wp\/v2\/types\/page"}],"author":[{"embeddable":true,"href":"https:\/\/escueladedirecciontoledo.com\/en\/wp-json\/wp\/v2\/users\/2"}],"replies":[{"embeddable":true,"href":"https:\/\/escueladedirecciontoledo.com\/en\/wp-json\/wp\/v2\/comments?post=2164"}],"version-history":[{"count":68,"href":"https:\/\/escueladedirecciontoledo.com\/en\/wp-json\/wp\/v2\/pages\/2164\/revisions"}],"predecessor-version":[{"id":3141,"href":"https:\/\/escueladedirecciontoledo.com\/en\/wp-json\/wp\/v2\/pages\/2164\/revisions\/3141"}],"wp:featuredmedia":[{"embeddable":true,"href":"https:\/\/escueladedirecciontoledo.com\/en\/wp-json\/wp\/v2\/media\/2500"}],"wp:attachment":[{"href":"https:\/\/escueladedirecciontoledo.com\/en\/wp-json\/wp\/v2\/media?parent=2164"}],"curies":[{"name":"wp","href":"https:\/\/api.w.org\/{rel}","templated":true}]}}