{"id":2155,"date":"2024-10-28T10:03:47","date_gmt":"2024-10-28T10:03:47","guid":{"rendered":"https:\/\/escueladedirecciontoledo.com\/?page_id=2155"},"modified":"2025-01-31T17:04:50","modified_gmt":"2025-01-31T17:04:50","slug":"juanf-ballesteros","status":"publish","type":"page","link":"https:\/\/escueladedirecciontoledo.com\/en\/juanf-ballesteros\/","title":{"rendered":"Juan F. Ballesteros"},"content":{"rendered":"<style type=\"text\/css\" data-created_by=\"avia_inline_auto\" id=\"style-css-av-7i8hff-2379d08d0237e4cea5d0506eb5b84124\">\n.avia-section.av-7i8hff-2379d08d0237e4cea5d0506eb5b84124{\nmargin-top:0px;\nmargin-bottom:0px;\n}\n<\/style>\n<div id='av_section_1'  class='avia-section av-7i8hff-2379d08d0237e4cea5d0506eb5b84124 main_color avia-section-large avia-no-border-styling  avia-builder-el-0  avia-builder-el-no-sibling  avia-bg-style-scroll container_wrap fullsize'  ><div class='container av-section-cont-open' ><main  role=\"main\" itemprop=\"mainContentOfPage\"  class='template-page content  av-content-full alpha units'><div class='post-entry post-entry-type-page post-entry-2155'><div class='entry-content-wrapper clearfix'>\n<div class='flex_column av-av_one_full-a961ec8c42a44a397321d1a2224da3ca av_one_full  avia-builder-el-1  el_before_av_one_fifth  avia-builder-el-first  first flex_column_div'     ><style type=\"text\/css\" data-created_by=\"avia_inline_auto\" id=\"style-css-av-m3och5za-e1bb153d0865575c3d6efe0fb944bbfd\">\n.avia-image-container.av-m3och5za-e1bb153d0865575c3d6efe0fb944bbfd img.avia_image{\nbox-shadow:none;\n}\n.avia-image-container.av-m3och5za-e1bb153d0865575c3d6efe0fb944bbfd .av-image-caption-overlay-center{\ncolor:#ffffff;\n}\n<\/style>\n<div  class='avia-image-container av-m3och5za-e1bb153d0865575c3d6efe0fb944bbfd av-styling- avia-align-center  avia-builder-el-2  avia-builder-el-no-sibling'   itemprop=\"image\" itemscope=\"itemscope\" itemtype=\"https:\/\/schema.org\/ImageObject\" ><div class=\"avia-image-container-inner\"><div class=\"avia-image-overlay-wrap\"><img decoding=\"async\" class='wp-image-2784 avia-img-lazy-loading-not-2784 avia_image' src=\"https:\/\/escueladedirecciontoledo.com\/wp-content\/uploads\/2025\/01\/Diseno-sin-titulo.png\" alt='' title='Dise\u00f1o sin t\u00edtulo'  height=\"1080\" width=\"1920\"  itemprop=\"thumbnailUrl\" srcset=\"https:\/\/escueladedirecciontoledo.com\/wp-content\/uploads\/2025\/01\/Diseno-sin-titulo.png 1920w, https:\/\/escueladedirecciontoledo.com\/wp-content\/uploads\/2025\/01\/Diseno-sin-titulo-300x169.png 300w, https:\/\/escueladedirecciontoledo.com\/wp-content\/uploads\/2025\/01\/Diseno-sin-titulo-1030x579.png 1030w, https:\/\/escueladedirecciontoledo.com\/wp-content\/uploads\/2025\/01\/Diseno-sin-titulo-768x432.png 768w, https:\/\/escueladedirecciontoledo.com\/wp-content\/uploads\/2025\/01\/Diseno-sin-titulo-1536x864.png 1536w, https:\/\/escueladedirecciontoledo.com\/wp-content\/uploads\/2025\/01\/Diseno-sin-titulo-18x10.png 18w, https:\/\/escueladedirecciontoledo.com\/wp-content\/uploads\/2025\/01\/Diseno-sin-titulo-1500x844.png 1500w, https:\/\/escueladedirecciontoledo.com\/wp-content\/uploads\/2025\/01\/Diseno-sin-titulo-705x397.png 705w\" sizes=\"(max-width: 1920px) 100vw, 1920px\" \/><\/div><\/div><\/div><\/div><div class='flex_column av-5sw6yz-90b17d618225d09b94617998e033c031 av_one_fifth  avia-builder-el-3  el_after_av_one_full  el_before_av_three_fifth  first flex_column_div column-top-margin'     ><\/div><div class='flex_column av-3pgcwr-6835c2034591e3678ebfe05e2136d196 av_three_fifth  avia-builder-el-4  el_after_av_one_fifth  el_before_av_one_fifth  flex_column_div column-top-margin'     ><style type=\"text\/css\" data-created_by=\"avia_inline_auto\" id=\"style-css-av-m2sumu4i-81734c95fd81ffc3babb71735d45f45e\">\n#top .av_textblock_section.av-m2sumu4i-81734c95fd81ffc3babb71735d45f45e .avia_textblock{\nfont-size:19px;\n}\n<\/style>\n<section  class='av_textblock_section av-m2sumu4i-81734c95fd81ffc3babb71735d45f45e'  itemscope=\"itemscope\" itemtype=\"https:\/\/schema.org\/CreativeWork\" ><div class='avia_textblock av_inherit_color'  itemprop=\"text\" ><p style=\"text-align: center;\">Nacido en Valencia, formado en su ciudad natal, Estocolmo y Varese. Director de orquesta, banda y coro. Pianista, compositor y productor musical. Creador del primer posgrado en Espa\u00f1a universitario en direcci\u00f3n de banda y en direcci\u00f3n de coro. Se ha puesto al frente de agrupaciones como J.O.N.D.E. (Joven Orquesta Nacional de Espa\u00f1a), Bandas Municipales de Barcelona, Oviedo, Ibiza y Badalona. Creador de las escuelas de direcci\u00f3n de Toledo y Badalona. Es gerente de la Banda de Dones de Catalunya y de la JOIB (Jove Orquestra de les Illes Balears). Colabora con el Centro Superior de M\u00fasica de Galicia (CSM). Escritor y conferenciante. Alguno de sus t\u00edtulos, <em>C\u00f3mo dirigir una banda y no morir en el intento<\/em>, <em>Marketing elemental para m\u00fasicos expertos<\/em>, <em>Organiza-T<\/em>, <em>Apaga Facebook<\/em> <em>y vende m\u00e1s<\/em> o <em>Manual de supervivencia para dirigir un coro<\/em>. Especialista en marketing musical, did\u00e1ctica de ensayo y finanzas. Autor del blog <em>Pensar la Banda<\/em> y de <em>Finanza para llevar<\/em>. Reside en Ibiza con su familia.<\/p>\n<\/div><\/section><\/div><div class='flex_column av-28cpgr-a9f15655087fefe296449d17ac88c6b3 av_one_fifth  avia-builder-el-6  el_after_av_three_fifth  avia-builder-el-last  flex_column_div column-top-margin'     ><\/div>","protected":false},"excerpt":{"rendered":"","protected":false},"author":2,"featured_media":2500,"parent":0,"menu_order":0,"comment_status":"closed","ping_status":"closed","template":"","meta":{"slim_seo":{"title":"Juan F. Ballesteros - Escuela Direcci\u00f3n Toledo","description":"Nacido en Valencia, formado en su ciudad natal, Estocolmo y Varese. Director de orquesta, banda y coro. Pianista, compositor y productor musical. Creador del pr"},"footnotes":""},"class_list":["post-2155","page","type-page","status-publish","has-post-thumbnail","hentry"],"_links":{"self":[{"href":"https:\/\/escueladedirecciontoledo.com\/en\/wp-json\/wp\/v2\/pages\/2155","targetHints":{"allow":["GET"]}}],"collection":[{"href":"https:\/\/escueladedirecciontoledo.com\/en\/wp-json\/wp\/v2\/pages"}],"about":[{"href":"https:\/\/escueladedirecciontoledo.com\/en\/wp-json\/wp\/v2\/types\/page"}],"author":[{"embeddable":true,"href":"https:\/\/escueladedirecciontoledo.com\/en\/wp-json\/wp\/v2\/users\/2"}],"replies":[{"embeddable":true,"href":"https:\/\/escueladedirecciontoledo.com\/en\/wp-json\/wp\/v2\/comments?post=2155"}],"version-history":[{"count":19,"href":"https:\/\/escueladedirecciontoledo.com\/en\/wp-json\/wp\/v2\/pages\/2155\/revisions"}],"predecessor-version":[{"id":2922,"href":"https:\/\/escueladedirecciontoledo.com\/en\/wp-json\/wp\/v2\/pages\/2155\/revisions\/2922"}],"wp:featuredmedia":[{"embeddable":true,"href":"https:\/\/escueladedirecciontoledo.com\/en\/wp-json\/wp\/v2\/media\/2500"}],"wp:attachment":[{"href":"https:\/\/escueladedirecciontoledo.com\/en\/wp-json\/wp\/v2\/media?parent=2155"}],"curies":[{"name":"wp","href":"https:\/\/api.w.org\/{rel}","templated":true}]}}