{"id":2070,"date":"2024-10-28T08:10:30","date_gmt":"2024-10-28T08:10:30","guid":{"rendered":"https:\/\/escueladedirecciontoledo.com\/?page_id=2070"},"modified":"2025-08-05T21:04:37","modified_gmt":"2025-08-05T21:04:37","slug":"profesores","status":"publish","type":"page","link":"https:\/\/escueladedirecciontoledo.com\/en\/profesores\/","title":{"rendered":"Profesores"},"content":{"rendered":"<div id='av_section_1'  class='avia-section av-23ht3q-d265a923025cb17e0abdf8214c7167d3 main_color avia-section-large avia-no-border-styling  avia-builder-el-0  avia-builder-el-no-sibling  avia-bg-style-scroll container_wrap fullsize'  ><div class='container av-section-cont-open' ><main  role=\"main\" itemprop=\"mainContentOfPage\"  class='template-page content  av-content-full alpha units'><div class='post-entry post-entry-type-page post-entry-2070'><div class='entry-content-wrapper clearfix'>\n<div class='flex_column av-75cnty-0d894d652ef0b1b8aafc3b9236b731dc av_one_fifth  avia-builder-el-1  el_before_av_three_fifth  avia-builder-el-first  first flex_column_div'     ><\/div><div class='flex_column av-5dlkdi-eb634950a66bcfeb32cb5df5044dd6e0 av_three_fifth  avia-builder-el-2  el_after_av_one_fifth  el_before_av_one_fifth  flex_column_div'     ><p><section  class='avia-team-member av-m6i0p6ty-f0bdc3d40b4d5849b7a53517b455b079  avia-builder-el-3  el_before_av_button  avia-builder-el-first'  itemscope=\"itemscope\" itemtype=\"https:\/\/schema.org\/Person\" ><div class=\"team-img-container\"><img decoding=\"async\" class='wp-image-738 avia-img-lazy-loading-not-738 avia_image avia_image_team' src=\"https:\/\/escueladedirecciontoledo.com\/wp-content\/uploads\/2022\/11\/foto-jf.png\" alt='Juan F. Ballesteros'  itemprop=\"image\"   height=\"500\" width=\"500\" srcset=\"https:\/\/escueladedirecciontoledo.com\/wp-content\/uploads\/2022\/11\/foto-jf.png 500w, https:\/\/escueladedirecciontoledo.com\/wp-content\/uploads\/2022\/11\/foto-jf-300x300.png 300w, https:\/\/escueladedirecciontoledo.com\/wp-content\/uploads\/2022\/11\/foto-jf-80x80.png 80w, https:\/\/escueladedirecciontoledo.com\/wp-content\/uploads\/2022\/11\/foto-jf-36x36.png 36w, https:\/\/escueladedirecciontoledo.com\/wp-content\/uploads\/2022\/11\/foto-jf-180x180.png 180w\" sizes=\"(max-width: 500px) 100vw, 500px\" \/><\/div><h3 class='team-member-name'  itemprop=\"name\" >Juan F. Ballesteros<\/h3><span class='hidden team-member-affiliation'  itemprop=\"affiliation\" >Escuela Direcci\u00f3n Toledo<\/span><\/section><br \/>\n<div  class='avia-button-wrap av-m6i16wa7-d74fed2414c12cee097f3d9d8ec7dbbe-wrap avia-button-right  avia-builder-el-4  el_after_av_team_member  avia-builder-el-last' >\n<style type=\"text\/css\" data-created_by=\"avia_inline_auto\" id=\"style-css-av-m6i16wa7-d74fed2414c12cee097f3d9d8ec7dbbe\">\n#top #wrap_all .avia-button.av-m6i16wa7-d74fed2414c12cee097f3d9d8ec7dbbe{\nbackground-color:#b02b2c;\nborder-color:#b02b2c;\ncolor:#ffffff;\n-webkit-transition:all 0.4s ease-in-out;\n-moz-transition:all 0.4s ease-in-out;\n-ms-transition:all 0.4s ease-in-out;\n-o-transition:all 0.4s ease-in-out;\ntransition:all 0.4s ease-in-out;\n}\n<\/style>\n<a href='https:\/\/escueladedirecciontoledo.com\/en\/juanf-ballesteros\/'  class='avia-button av-m6i16wa7-d74fed2414c12cee097f3d9d8ec7dbbe avia-icon_select-no avia-size-small avia-position-right' ><span class='avia_iconbox_title' >sobre Juan<\/span><\/a><\/div><\/p><\/div><div class='flex_column av-4b6ofa-8742c276d99a9b873cab32264ac2e1d5 av_one_fifth  avia-builder-el-5  el_after_av_three_fifth  el_before_av_one_fifth  flex_column_div'     ><\/div><div class='flex_column av-64fsbq-511f8af39bdbb58645d70a83540672ec av_one_fifth  avia-builder-el-6  el_after_av_one_fifth  el_before_av_three_fifth  first flex_column_div column-top-margin'     ><\/div><div class='flex_column av-4gxxue-0d2002096ccc598c6a7ee38de600ef83 av_three_fifth  avia-builder-el-7  el_after_av_one_fifth  el_before_av_one_fifth  flex_column_div column-top-margin'     ><p><section  class='avia-team-member av-m6i14rf8-074041474d7e44bf45a7921add6a9875  avia-builder-el-8  el_before_av_button  avia-builder-el-first'  itemscope=\"itemscope\" itemtype=\"https:\/\/schema.org\/Person\" ><div class=\"team-img-container\"><img decoding=\"async\" class='wp-image-2947 avia-img-lazy-loading-not-2947 avia_image avia_image_team' src=\"https:\/\/escueladedirecciontoledo.com\/wp-content\/uploads\/2025\/05\/1.png\" alt='David Daubenfeld'  itemprop=\"image\"   height=\"1080\" width=\"1080\" srcset=\"https:\/\/escueladedirecciontoledo.com\/wp-content\/uploads\/2025\/05\/1.png 1080w, https:\/\/escueladedirecciontoledo.com\/wp-content\/uploads\/2025\/05\/1-300x300.png 300w, https:\/\/escueladedirecciontoledo.com\/wp-content\/uploads\/2025\/05\/1-1030x1030.png 1030w, https:\/\/escueladedirecciontoledo.com\/wp-content\/uploads\/2025\/05\/1-80x80.png 80w, https:\/\/escueladedirecciontoledo.com\/wp-content\/uploads\/2025\/05\/1-768x768.png 768w, https:\/\/escueladedirecciontoledo.com\/wp-content\/uploads\/2025\/05\/1-12x12.png 12w, https:\/\/escueladedirecciontoledo.com\/wp-content\/uploads\/2025\/05\/1-36x36.png 36w, https:\/\/escueladedirecciontoledo.com\/wp-content\/uploads\/2025\/05\/1-180x180.png 180w, https:\/\/escueladedirecciontoledo.com\/wp-content\/uploads\/2025\/05\/1-705x705.png 705w\" sizes=\"(max-width: 1080px) 100vw, 1080px\" \/><\/div><h3 class='team-member-name'  itemprop=\"name\" >David Daubenfeld<\/h3><span class='hidden team-member-affiliation'  itemprop=\"affiliation\" >Escuela Direcci\u00f3n Toledo<\/span><\/section><br \/>\n<div  class='avia-button-wrap av-m6i17fg4-72803967f38e0ccee58140606fec130e-wrap avia-button-right  avia-builder-el-9  el_after_av_team_member  avia-builder-el-last' >\n<style type=\"text\/css\" data-created_by=\"avia_inline_auto\" id=\"style-css-av-m6i17fg4-72803967f38e0ccee58140606fec130e\">\n#top #wrap_all .avia-button.av-m6i17fg4-72803967f38e0ccee58140606fec130e{\nbackground-color:#b02b2c;\nborder-color:#b02b2c;\ncolor:#ffffff;\n-webkit-transition:all 0.4s ease-in-out;\n-moz-transition:all 0.4s ease-in-out;\n-ms-transition:all 0.4s ease-in-out;\n-o-transition:all 0.4s ease-in-out;\ntransition:all 0.4s ease-in-out;\n}\n<\/style>\n<a href='https:\/\/daviddaubenfeld.com'  class='avia-button av-m6i17fg4-72803967f38e0ccee58140606fec130e avia-icon_select-no avia-size-small avia-position-right' ><span class='avia_iconbox_title' >sobre David<\/span><\/a><\/div><\/p><\/div><div class='flex_column av-276p1y-f2f0893872dd812d97d5823cc8066d8e av_one_fifth  avia-builder-el-10  el_after_av_three_fifth  el_before_av_one_fifth  flex_column_div column-top-margin'     ><\/div><div class='flex_column av-dev0mu-26e9fa7cfacb4562b64618e0dcc6623b av_one_fifth  avia-builder-el-11  el_after_av_one_fifth  el_before_av_three_fifth  first flex_column_div column-top-margin'     ><\/div><div class='flex_column av-cudx52-92f8b2bdcb34f35af043aff0d27578c6 av_three_fifth  avia-builder-el-12  el_after_av_one_fifth  el_before_av_one_fifth  flex_column_div column-top-margin'     ><p><section  class='avia-team-member av-magoef63-3e7a14f439e14e468a1a651dbdfa7a0c  avia-builder-el-13  el_before_av_button  avia-builder-el-first'  itemscope=\"itemscope\" itemtype=\"https:\/\/schema.org\/Person\" ><div class=\"team-img-container\"><img decoding=\"async\" class='wp-image-2950 avia-img-lazy-loading-not-2950 avia_image avia_image_team' src=\"https:\/\/escueladedirecciontoledo.com\/wp-content\/uploads\/2025\/05\/4.png\" alt='Miquel Arru\u00e9'  itemprop=\"image\"   height=\"1080\" width=\"1080\" srcset=\"https:\/\/escueladedirecciontoledo.com\/wp-content\/uploads\/2025\/05\/4.png 1080w, https:\/\/escueladedirecciontoledo.com\/wp-content\/uploads\/2025\/05\/4-300x300.png 300w, https:\/\/escueladedirecciontoledo.com\/wp-content\/uploads\/2025\/05\/4-1030x1030.png 1030w, https:\/\/escueladedirecciontoledo.com\/wp-content\/uploads\/2025\/05\/4-80x80.png 80w, https:\/\/escueladedirecciontoledo.com\/wp-content\/uploads\/2025\/05\/4-768x768.png 768w, https:\/\/escueladedirecciontoledo.com\/wp-content\/uploads\/2025\/05\/4-12x12.png 12w, https:\/\/escueladedirecciontoledo.com\/wp-content\/uploads\/2025\/05\/4-36x36.png 36w, https:\/\/escueladedirecciontoledo.com\/wp-content\/uploads\/2025\/05\/4-180x180.png 180w, https:\/\/escueladedirecciontoledo.com\/wp-content\/uploads\/2025\/05\/4-705x705.png 705w\" sizes=\"(max-width: 1080px) 100vw, 1080px\" \/><\/div><h3 class='team-member-name'  itemprop=\"name\" >Miquel Arru\u00e9<\/h3><span class='hidden team-member-affiliation'  itemprop=\"affiliation\" >Escuela Direcci\u00f3n Toledo<\/span><\/section><br \/>\n<div  class='avia-button-wrap av-magoh1rx-6b475d437bc95892336decabd637e1fe-wrap avia-button-right  avia-builder-el-14  el_after_av_team_member  avia-builder-el-last' >\n<style type=\"text\/css\" data-created_by=\"avia_inline_auto\" id=\"style-css-av-magoh1rx-6b475d437bc95892336decabd637e1fe\">\n#top #wrap_all .avia-button.av-magoh1rx-6b475d437bc95892336decabd637e1fe{\nbackground-color:#b02b2c;\nborder-color:#b02b2c;\ncolor:#ffffff;\n-webkit-transition:all 0.4s ease-in-out;\n-moz-transition:all 0.4s ease-in-out;\n-ms-transition:all 0.4s ease-in-out;\n-o-transition:all 0.4s ease-in-out;\ntransition:all 0.4s ease-in-out;\n}\n<\/style>\n<a href='https:\/\/escueladedirecciontoledo.com\/en\/miquel-arrue\/'  class='avia-button av-magoh1rx-6b475d437bc95892336decabd637e1fe avia-icon_select-no avia-size-small avia-position-right' ><span class='avia_iconbox_title' >sobre Miquel<\/span><\/a><\/div><\/p><\/div><div class='flex_column av-a5c1ti-8021e6f91d849cb042927c73dc5ab400 av_one_fifth  avia-builder-el-15  el_after_av_three_fifth  avia-builder-el-last  flex_column_div column-top-margin'     ><\/div>","protected":false},"excerpt":{"rendered":"","protected":false},"author":2,"featured_media":2500,"parent":0,"menu_order":0,"comment_status":"closed","ping_status":"closed","template":"","meta":{"slim_seo":{"title":"Profesores - Escuela Direcci\u00f3n Toledo","description":"Juan F. Ballesteros Escuela Direcci\u00f3n Toledo sobre Juan David Daubenfeld Escuela Direcci\u00f3n Toledo sobre David Miquel Arru\u00e9 Escuela Direcci\u00f3n Toledo sobre Miquel"},"footnotes":""},"class_list":["post-2070","page","type-page","status-publish","has-post-thumbnail","hentry"],"_links":{"self":[{"href":"https:\/\/escueladedirecciontoledo.com\/en\/wp-json\/wp\/v2\/pages\/2070","targetHints":{"allow":["GET"]}}],"collection":[{"href":"https:\/\/escueladedirecciontoledo.com\/en\/wp-json\/wp\/v2\/pages"}],"about":[{"href":"https:\/\/escueladedirecciontoledo.com\/en\/wp-json\/wp\/v2\/types\/page"}],"author":[{"embeddable":true,"href":"https:\/\/escueladedirecciontoledo.com\/en\/wp-json\/wp\/v2\/users\/2"}],"replies":[{"embeddable":true,"href":"https:\/\/escueladedirecciontoledo.com\/en\/wp-json\/wp\/v2\/comments?post=2070"}],"version-history":[{"count":29,"href":"https:\/\/escueladedirecciontoledo.com\/en\/wp-json\/wp\/v2\/pages\/2070\/revisions"}],"predecessor-version":[{"id":3074,"href":"https:\/\/escueladedirecciontoledo.com\/en\/wp-json\/wp\/v2\/pages\/2070\/revisions\/3074"}],"wp:featuredmedia":[{"embeddable":true,"href":"https:\/\/escueladedirecciontoledo.com\/en\/wp-json\/wp\/v2\/media\/2500"}],"wp:attachment":[{"href":"https:\/\/escueladedirecciontoledo.com\/en\/wp-json\/wp\/v2\/media?parent=2070"}],"curies":[{"name":"wp","href":"https:\/\/api.w.org\/{rel}","templated":true}]}}