{"id":19,"date":"2022-07-03T13:40:32","date_gmt":"2022-07-03T13:40:32","guid":{"rendered":"https:\/\/escueladedirecciontoledo.com\/?page_id=19"},"modified":"2025-09-11T06:30:07","modified_gmt":"2025-09-11T06:30:07","slug":"inicio","status":"publish","type":"page","link":"https:\/\/escueladedirecciontoledo.com\/en\/","title":{"rendered":"Inicio"},"content":{"rendered":"<div   class='avia-fullscreen-slider main_color   avia-builder-el-0  el_before_av_section  avia-builder-el-first  container_wrap fullsize'  ><div  class='avia-slideshow av-m2ssdc2s-b246b07d079a697b2b681cbf1aed74c4 avia-slideshow-no scaling av_fullscreen avia-slide-slider av-slideshow-ui av-control-default av-slideshow-manual av-loop-once av-loop-manual-endless av-default-height-applied   avia-slideshow-1' data-slideshow-options=\"{&quot;animation&quot;:&quot;slide&quot;,&quot;autoplay&quot;:false,&quot;loop_autoplay&quot;:&quot;once&quot;,&quot;interval&quot;:5,&quot;loop_manual&quot;:&quot;manual-endless&quot;,&quot;autoplay_stopper&quot;:false,&quot;noNavigation&quot;:false,&quot;bg_slider&quot;:true,&quot;keep_padding&quot;:false,&quot;hoverpause&quot;:false,&quot;show_slide_delay&quot;:0,&quot;slide_height&quot;:&quot;100&quot;,&quot;image_attachment&quot;:&quot;&quot;}\"  itemprop=\"image\" itemscope=\"itemscope\" itemtype=\"https:\/\/schema.org\/ImageObject\" ><ul class='avia-slideshow-inner' style='padding-bottom: 66.6796875%;'><li style='background-position:center center;' data-img-url='https:\/\/escueladedirecciontoledo.com\/wp-content\/uploads\/2024\/12\/33361790488_ed0bb46996_o-scaled.jpg' class='avia-slideshow-slide av-m2ssdc2s-b246b07d079a697b2b681cbf1aed74c4__0  av-single-slide slide-1 slide-odd'><div data-rel='slideshow-1' class='avia-slide-wrap'   ><div class='av-slideshow-caption av-m2ssdc2s-b246b07d079a697b2b681cbf1aed74c4__0 caption_fullwidth caption_center caption_center_framed caption_framed'><div class=\"container caption_container\"><div class=\"slideshow_caption\"><div class=\"slideshow_inner_caption\"><div class=\"slideshow_align_caption\"><h2 class='avia-caption-title'  itemprop=\"name\" >Tu futuro ahora<\/h2><div class='avia-caption-content'  itemprop=\"description\" ><p>Escuela Direcci\u00f3n Toledo<\/p>\n<\/div><\/div><\/div><\/div><\/div><\/div><\/div><\/li><\/ul><\/div><\/div>\n<div id='av_section_1'  class='avia-section av-24h6f-22bb696c54bf2962e8b0cfe7fd0ecaf0 main_color avia-section-large avia-no-border-styling  avia-builder-el-1  el_after_av_fullscreen  el_before_av_one_full  avia-bg-style-scroll container_wrap fullsize'  ><div class='container av-section-cont-open' ><div class='template-page content  av-content-full alpha units'><div class='post-entry post-entry-type-page post-entry-19'><div class='entry-content-wrapper clearfix'>\n\n<style type=\"text\/css\" data-created_by=\"avia_inline_auto\" id=\"style-css-av-m2sslxdm-f4a634f6f17376929a6e2b46f2052af5\">\n#top .av_textblock_section.av-m2sslxdm-f4a634f6f17376929a6e2b46f2052af5 .avia_textblock{\ncolor:#b02b2c;\n}\n<\/style>\n<section  class='av_textblock_section av-m2sslxdm-f4a634f6f17376929a6e2b46f2052af5'  itemscope=\"itemscope\" itemtype=\"https:\/\/schema.org\/CreativeWork\" ><div class='avia_textblock av_inherit_color'  itemprop=\"text\" ><h2 style=\"text-align: center;\"><strong><em>\u00bfPor qu\u00e9 una Escuela de Direcci\u00f3n en Toledo?<\/em><\/strong><\/h2>\n<\/div><\/section>\n\n<style type=\"text\/css\" data-created_by=\"avia_inline_auto\" id=\"style-css-av-m6l0jxki-7aa01ebae05d17376452c82a90bd62c7\">\n#top .hr.hr-invisible.av-m6l0jxki-7aa01ebae05d17376452c82a90bd62c7{\nheight:10px;\n}\n<\/style>\n<div  class='hr av-m6l0jxki-7aa01ebae05d17376452c82a90bd62c7 hr-invisible  avia-builder-el-3  el_after_av_textblock  el_before_av_textblock'><span class='hr-inner'><span class=\"hr-inner-style\"><\/span><\/span><\/div>\n\n<style type=\"text\/css\" data-created_by=\"avia_inline_auto\" id=\"style-css-av-m2ssncho-1c845f6f60d93e3b780818f46acf1337\">\n#top .av_textblock_section.av-m2ssncho-1c845f6f60d93e3b780818f46acf1337 .avia_textblock{\ntext-align:center;\n}\n<\/style>\n<section  class='av_textblock_section av-m2ssncho-1c845f6f60d93e3b780818f46acf1337'  itemscope=\"itemscope\" itemtype=\"https:\/\/schema.org\/CreativeWork\" ><div class='avia_textblock av_inherit_color'  itemprop=\"text\" ><p>La <strong>Banda<\/strong> es el org\u00e1nico musical m\u00e1s popular en nuestra sociedad. Tradicionalmente, un espacio donde celebrar la cultura de un pueblo. Son muchos los m\u00fasicos profesionales que han nacido en el si musical por un lado y son muchos, tambi\u00e9n, los que han desarrollado su educaci\u00f3n sensitiva tocando y compartiendo m\u00fasica en una Banda.<\/p>\n<p>Por todo esto, la Banda constituye una entidad que va m\u00e1s all\u00e1 de la propia interpretaci\u00f3n musical sino, m\u00e1s bien, un acontecimiento sociol\u00f3gico instaurado en nuestros pueblos que merece un foco de atenci\u00f3n especial y diferenciado.<\/p>\n<p>La <strong>Escuela de Direcci\u00f3n de Toledo<\/strong> tiene como objetivo formar a directores y directoras en el pensamiento musical cr\u00edtico, en las destrezas t\u00e9cnicas y expresivas para su desarrollo y en el conocimiento profundo de los procesos en la did\u00e1ctica de ensayo.<\/p>\n<p>La Escuela de Direcci\u00f3n de Toledo, desea evocar en todos los directores y directoras un amor por la Banda que los permita dirigirla desde el compromiso y la excelencia musical pero tambi\u00e9n sobre un humanismo que consagre el arte de dirigir una Banda en un acontecimiento trascendente para la entidad y para la sociedad que lo enmarca.<\/p>\n<p><strong>La Federaci\u00f3n Regional Castellano Manchega de Sociedades Musicales<\/strong> colabora con la escuela facilitando su acceso a miembros asociados a trav\u00e9s de descuentos especiales. As\u00ed mismo, as\u00ed mismo, a trav\u00e9s de la Escuela de Direcci\u00f3n de Toledo se realizar\u00e1n cursos, formaciones, seminarios, etc. tanto para directores como para directivos a trav\u00e9s de programas de gesti\u00f3n ajustados a las necesidades de cada Sociedad Musical.<i><\/i><i><\/i><\/p>\n<p>Bienvenida. Bienvenido.<\/p>\n<\/div><\/section>\n<\/div><\/div><\/div><!-- close content main div --><\/div><\/div><div id='after_section_1'  class='main_color av_default_container_wrap container_wrap fullsize'  ><div class='container av-section-cont-open' ><div class='template-page content  av-content-full alpha units'><div class='post-entry post-entry-type-page post-entry-19'><div class='entry-content-wrapper clearfix'>\n<div class='flex_column av-22d6b-61376b041c22d9a39ae7438e930a38cf av_one_full  avia-builder-el-5  el_after_av_section  el_before_av_section  avia-builder-el-no-sibling  first flex_column_div'     ><div  class='avia-slideshow av-m6kzq1du-d57891d340e26d9541dcadc62ec26b02 avia-slideshow-no scaling av_slideshow avia-slide-slider  avia-builder-el-6  avia-builder-el-no-sibling  av-slideshow-ui av-control-default av-nav-arrows-visible av-slideshow-manual av-loop-once av-loop-manual-endless av-default-height-applied avia-slideshow-2' data-slideshow-options=\"{&quot;animation&quot;:&quot;slide&quot;,&quot;autoplay&quot;:false,&quot;loop_autoplay&quot;:&quot;once&quot;,&quot;interval&quot;:5,&quot;loop_manual&quot;:&quot;manual-endless&quot;,&quot;autoplay_stopper&quot;:false,&quot;noNavigation&quot;:false,&quot;bg_slider&quot;:false,&quot;keep_padding&quot;:false,&quot;hoverpause&quot;:false,&quot;show_slide_delay&quot;:0}\"  itemprop=\"image\" itemscope=\"itemscope\" itemtype=\"https:\/\/schema.org\/ImageObject\" ><ul class='avia-slideshow-inner' style='padding-bottom: 56.25%;'><li  class='avia-slideshow-slide av-m6kzq1du-d57891d340e26d9541dcadc62ec26b02__0  av-single-slide slide-1 slide-odd'><div data-rel='slideshow-2' class='avia-slide-wrap'   ><img decoding=\"async\" class=\"wp-image-2655 avia-img-lazy-loading-not-2655\"  src=\"https:\/\/escueladedirecciontoledo.com\/wp-content\/uploads\/2025\/01\/Diseno-sin-titulo-2.jpg\" width=\"1920\" height=\"1080\" title='Dise\u00f1o sin t\u00edtulo-2' alt=''  itemprop=\"thumbnailUrl\" srcset=\"https:\/\/escueladedirecciontoledo.com\/wp-content\/uploads\/2025\/01\/Diseno-sin-titulo-2.jpg 1920w, https:\/\/escueladedirecciontoledo.com\/wp-content\/uploads\/2025\/01\/Diseno-sin-titulo-2-300x169.jpg 300w, https:\/\/escueladedirecciontoledo.com\/wp-content\/uploads\/2025\/01\/Diseno-sin-titulo-2-1030x579.jpg 1030w, https:\/\/escueladedirecciontoledo.com\/wp-content\/uploads\/2025\/01\/Diseno-sin-titulo-2-768x432.jpg 768w, https:\/\/escueladedirecciontoledo.com\/wp-content\/uploads\/2025\/01\/Diseno-sin-titulo-2-1536x864.jpg 1536w, https:\/\/escueladedirecciontoledo.com\/wp-content\/uploads\/2025\/01\/Diseno-sin-titulo-2-18x10.jpg 18w, https:\/\/escueladedirecciontoledo.com\/wp-content\/uploads\/2025\/01\/Diseno-sin-titulo-2-1500x844.jpg 1500w, https:\/\/escueladedirecciontoledo.com\/wp-content\/uploads\/2025\/01\/Diseno-sin-titulo-2-705x397.jpg 705w\" sizes=\"(max-width: 1920px) 100vw, 1920px\" \/><\/div><\/li><\/ul><\/div><\/div>\n<\/div><\/div><\/div><!-- close content main div --><\/div><\/div><div id='av_section_2'  class='avia-section av-1hyu7-ab15082ea9f1421a131423e8be2a9be5 main_color avia-section-no-padding avia-no-border-styling  avia-builder-el-7  el_after_av_one_full  el_before_av_one_full  avia-bg-style-scroll container_wrap fullsize'  ><div class='container av-section-cont-open' ><div class='template-page content  av-content-full alpha units'><div class='post-entry post-entry-type-page post-entry-19'><div class='entry-content-wrapper clearfix'>\n\n<style type=\"text\/css\" data-created_by=\"avia_inline_auto\" id=\"style-css-av-3dgr-2357d90ff820c546ff03ba0ae5e422cf\">\n#top .av_textblock_section.av-3dgr-2357d90ff820c546ff03ba0ae5e422cf .avia_textblock{\nfont-size:27px;\ncolor:#b02b2c;\n}\n<\/style>\n<section  class='av_textblock_section av-3dgr-2357d90ff820c546ff03ba0ae5e422cf'  itemscope=\"itemscope\" itemtype=\"https:\/\/schema.org\/CreativeWork\" ><div class='avia_textblock av_inherit_color'  itemprop=\"text\" ><h2 style=\"text-align: center;\"><strong><em>\u00bfQu\u00e9 te ofrecemos?<\/em><\/strong><\/h2>\n<\/div><\/section>\n<div class='flex_column av-1r9en-5368b4669863aba01dad329770ecf50d av_one_full  avia-builder-el-9  el_after_av_textblock  el_before_av_button  first flex_column_div column-top-margin'     ><\/div><div  class='avia-button-wrap av-mdz01pf5-549f3c94c5c7cf88a595877b6a074550-wrap avia-button-center  avia-builder-el-10  el_after_av_one_full  avia-builder-el-last' ><a href='https:\/\/escueladedirecciontoledo.com\/en\/contenidos\/'  class='avia-button av-mdz01pf5-549f3c94c5c7cf88a595877b6a074550 avia-icon_select-no avia-size-x-large avia-position-center avia-color-theme-color'  target=\"_blank\"  rel=\"noopener noreferrer\"><span class='avia_iconbox_title' >ir a contenidos<\/span><\/a><\/div>\n<\/div><\/div><\/div><!-- close content main div --><\/div><\/div><div id='after_section_2'  class='main_color av_default_container_wrap container_wrap fullsize'  ><div class='container av-section-cont-open' ><div class='template-page content  av-content-full alpha units'><div class='post-entry post-entry-type-page post-entry-19'><div class='entry-content-wrapper clearfix'>\n<div class='flex_column av-sv4v-25e837948c012680a8c1f8a13c2ad33d av_one_full  avia-builder-el-11  el_after_av_section  el_before_av_one_full  avia-builder-el-first  first flex_column_div'     ><\/div>\n<div class='flex_column av-11azr-e777319f062ca7cda88f10dfd73ec283 av_one_full  avia-builder-el-12  el_after_av_one_full  el_before_av_one_full  first flex_column_div column-top-margin'     ><\/div>\n<div class='flex_column av-107er-a426f0255767bed9f49ca31a6dc04ef6 av_one_full  avia-builder-el-13  el_after_av_one_full  el_before_av_textblock  first flex_column_div column-top-margin'     ><\/div>\n\n<style type=\"text\/css\" data-created_by=\"avia_inline_auto\" id=\"style-css-av-oey7-6471c500a3bb78ce145f7a07ef51410c\">\n#top .av_textblock_section.av-oey7-6471c500a3bb78ce145f7a07ef51410c .avia_textblock{\nfont-size:27px;\ncolor:#b02b2c;\n}\n<\/style>\n<section  class='av_textblock_section av-oey7-6471c500a3bb78ce145f7a07ef51410c'  itemscope=\"itemscope\" itemtype=\"https:\/\/schema.org\/CreativeWork\" ><div class='avia_textblock av_inherit_color'  itemprop=\"text\" ><h2 style=\"text-align: center;\"><strong><em>escuela conveniada con<\/em><\/strong><\/h2>\n<\/div><\/section>\n<div class='flex_column av-12nzn-9053d760ea7574a9c92caedfacffd814 av_one_full  avia-builder-el-15  el_after_av_textblock  el_before_av_textblock  first flex_column_div column-top-margin'     ><div  class='avia-slideshow av-m6kzt56j-47c8d31ad186d642d2bdfd1918b5165c avia-slideshow-no scaling av_slideshow avia-slide-slider  avia-builder-el-16  avia-builder-el-no-sibling  av-slideshow-ui av-control-default av-nav-arrows-visible av-slideshow-manual av-loop-once av-loop-manual-endless av-default-height-applied avia-slideshow-3' data-slideshow-options=\"{&quot;animation&quot;:&quot;slide&quot;,&quot;autoplay&quot;:false,&quot;loop_autoplay&quot;:&quot;once&quot;,&quot;interval&quot;:5,&quot;loop_manual&quot;:&quot;manual-endless&quot;,&quot;autoplay_stopper&quot;:false,&quot;noNavigation&quot;:false,&quot;bg_slider&quot;:false,&quot;keep_padding&quot;:false,&quot;hoverpause&quot;:false,&quot;show_slide_delay&quot;:0}\"  itemprop=\"image\" itemscope=\"itemscope\" itemtype=\"https:\/\/schema.org\/ImageObject\" ><ul class='avia-slideshow-inner' style='padding-bottom: 59.9609375%;'><li  class='avia-slideshow-slide av-m6kzt56j-47c8d31ad186d642d2bdfd1918b5165c__0  av-single-slide slide-1 slide-odd'><div data-rel='slideshow-3' class='avia-slide-wrap'   ><img decoding=\"async\" class=\"wp-image-2995 avia-img-lazy-loading-not-2995\"  src=\"https:\/\/escueladedirecciontoledo.com\/wp-content\/uploads\/2025\/07\/Logo-1-CLM.jpeg\" width=\"2048\" height=\"1228\" title='Logo 1 CLM' alt=''  itemprop=\"thumbnailUrl\" srcset=\"https:\/\/escueladedirecciontoledo.com\/wp-content\/uploads\/2025\/07\/Logo-1-CLM.jpeg 2048w, https:\/\/escueladedirecciontoledo.com\/wp-content\/uploads\/2025\/07\/Logo-1-CLM-300x180.jpeg 300w, https:\/\/escueladedirecciontoledo.com\/wp-content\/uploads\/2025\/07\/Logo-1-CLM-1030x618.jpeg 1030w, https:\/\/escueladedirecciontoledo.com\/wp-content\/uploads\/2025\/07\/Logo-1-CLM-768x461.jpeg 768w, https:\/\/escueladedirecciontoledo.com\/wp-content\/uploads\/2025\/07\/Logo-1-CLM-1536x921.jpeg 1536w, https:\/\/escueladedirecciontoledo.com\/wp-content\/uploads\/2025\/07\/Logo-1-CLM-18x12.jpeg 18w, https:\/\/escueladedirecciontoledo.com\/wp-content\/uploads\/2025\/07\/Logo-1-CLM-1500x899.jpeg 1500w, https:\/\/escueladedirecciontoledo.com\/wp-content\/uploads\/2025\/07\/Logo-1-CLM-705x423.jpeg 705w\" sizes=\"(max-width: 2048px) 100vw, 2048px\" \/><\/div><\/li><\/ul><\/div><\/div>\n<style type=\"text\/css\" data-created_by=\"avia_inline_auto\" id=\"style-css-av-mf9z4eq8-c813b898184ac611f7be4e7581f9fdd4\">\n#top .av_textblock_section.av-mf9z4eq8-c813b898184ac611f7be4e7581f9fdd4 .avia_textblock{\nfont-size:27px;\ncolor:#b02b2c;\n}\n<\/style>\n<section  class='av_textblock_section av-mf9z4eq8-c813b898184ac611f7be4e7581f9fdd4'  itemscope=\"itemscope\" itemtype=\"https:\/\/schema.org\/CreativeWork\" ><div class='avia_textblock av_inherit_color'  itemprop=\"text\" ><h2 style=\"text-align: center;\"><strong><em>con la colaboraci\u00f3n de<\/em><\/strong><\/h2>\n<\/div><\/section><\/p>\n<div class='flex_column av-1s5cn-c6d8ccbc228638a82028f95b16d40198 av_one_full  avia-builder-el-18  el_after_av_textblock  el_before_av_hr  first flex_column_div column-top-margin'     ><div  class='avia-slideshow av-mf9z6f5u-60d69c02805f089943beb674a8acb1c0 avia-slideshow-no scaling av_slideshow avia-slide-slider  avia-builder-el-19  avia-builder-el-no-sibling  av-slideshow-ui av-control-default av-nav-arrows-visible av-slideshow-manual av-loop-once av-loop-manual-endless av-default-height-applied avia-slideshow-4' data-slideshow-options=\"{&quot;animation&quot;:&quot;slide&quot;,&quot;autoplay&quot;:false,&quot;loop_autoplay&quot;:&quot;once&quot;,&quot;interval&quot;:5,&quot;loop_manual&quot;:&quot;manual-endless&quot;,&quot;autoplay_stopper&quot;:false,&quot;noNavigation&quot;:false,&quot;bg_slider&quot;:false,&quot;keep_padding&quot;:false,&quot;hoverpause&quot;:false,&quot;show_slide_delay&quot;:0}\"  itemprop=\"image\" itemscope=\"itemscope\" itemtype=\"https:\/\/schema.org\/ImageObject\" ><ul class='avia-slideshow-inner' style='padding-bottom: 70.703125%;'><li  class='avia-slideshow-slide av-mf9z6f5u-60d69c02805f089943beb674a8acb1c0__0  av-single-slide slide-1 slide-odd'><div data-rel='slideshow-4' class='avia-slide-wrap'   ><img decoding=\"async\" class=\"wp-image-3124 avia-img-lazy-loading-not-3124\"  src=\"https:\/\/escueladedirecciontoledo.com\/wp-content\/uploads\/2025\/09\/BMY-1-scaled.jpg\" width=\"2560\" height=\"1810\" title='BMY 1' alt='Bmy 1'  itemprop=\"thumbnailUrl\" srcset=\"https:\/\/escueladedirecciontoledo.com\/wp-content\/uploads\/2025\/09\/BMY-1-scaled.jpg 2560w, https:\/\/escueladedirecciontoledo.com\/wp-content\/uploads\/2025\/09\/BMY-1-300x212.jpg 300w, https:\/\/escueladedirecciontoledo.com\/wp-content\/uploads\/2025\/09\/BMY-1-1030x728.jpg 1030w, https:\/\/escueladedirecciontoledo.com\/wp-content\/uploads\/2025\/09\/BMY-1-768x543.jpg 768w, https:\/\/escueladedirecciontoledo.com\/wp-content\/uploads\/2025\/09\/BMY-1-1536x1086.jpg 1536w, https:\/\/escueladedirecciontoledo.com\/wp-content\/uploads\/2025\/09\/BMY-1-2048x1448.jpg 2048w, https:\/\/escueladedirecciontoledo.com\/wp-content\/uploads\/2025\/09\/BMY-1-18x12.jpg 18w, https:\/\/escueladedirecciontoledo.com\/wp-content\/uploads\/2025\/09\/BMY-1-1500x1060.jpg 1500w, https:\/\/escueladedirecciontoledo.com\/wp-content\/uploads\/2025\/09\/BMY-1-260x185.jpg 260w, https:\/\/escueladedirecciontoledo.com\/wp-content\/uploads\/2025\/09\/BMY-1-705x498.jpg 705w\" sizes=\"(max-width: 2560px) 100vw, 2560px\" \/><\/div><\/li><\/ul><\/div><\/div>\n\n<style type=\"text\/css\" data-created_by=\"avia_inline_auto\" id=\"style-css-av-m6kzzmuh-6fb836b39617ccdc1b49eb02e0828842\">\n#top .hr.hr-invisible.av-m6kzzmuh-6fb836b39617ccdc1b49eb02e0828842{\nheight:20px;\n}\n<\/style>\n<div  class='hr av-m6kzzmuh-6fb836b39617ccdc1b49eb02e0828842 hr-invisible  avia-builder-el-20  el_after_av_one_full  el_before_av_one_full'><span class='hr-inner'><span class=\"hr-inner-style\"><\/span><\/span><\/div>\n<div class='flex_column av-1hufv-f0e28b59f75f0bf4b06fa8364d5cc8e3 av_one_full  avia-builder-el-21  el_after_av_hr  avia-builder-el-last  first flex_column_div'     ><\/div>","protected":false},"excerpt":{"rendered":"","protected":false},"author":2,"featured_media":3148,"parent":0,"menu_order":0,"comment_status":"closed","ping_status":"closed","template":"","meta":{"slim_seo":{"facebook_image":"https:\/\/escueladedirecciontoledo.com\/wp-content\/uploads\/2025\/01\/cropped-WhatsApp-Image-2025-01-29-at-4.08.58\u202fp.\u202fm-300x300.jpeg","title":"Escuela Direcci\u00f3n Toledo","description":"Tu futuro ahora Escuela Direcci\u00f3n Toledo \u00bfPor qu\u00e9 una Escuela de Direcci\u00f3n en Toledo? La Banda es el org\u00e1nico musical m\u00e1s popular en nuestra sociedad. Tradicion"},"footnotes":""},"class_list":["post-19","page","type-page","status-publish","has-post-thumbnail","hentry"],"_links":{"self":[{"href":"https:\/\/escueladedirecciontoledo.com\/en\/wp-json\/wp\/v2\/pages\/19","targetHints":{"allow":["GET"]}}],"collection":[{"href":"https:\/\/escueladedirecciontoledo.com\/en\/wp-json\/wp\/v2\/pages"}],"about":[{"href":"https:\/\/escueladedirecciontoledo.com\/en\/wp-json\/wp\/v2\/types\/page"}],"author":[{"embeddable":true,"href":"https:\/\/escueladedirecciontoledo.com\/en\/wp-json\/wp\/v2\/users\/2"}],"replies":[{"embeddable":true,"href":"https:\/\/escueladedirecciontoledo.com\/en\/wp-json\/wp\/v2\/comments?post=19"}],"version-history":[{"count":249,"href":"https:\/\/escueladedirecciontoledo.com\/en\/wp-json\/wp\/v2\/pages\/19\/revisions"}],"predecessor-version":[{"id":3147,"href":"https:\/\/escueladedirecciontoledo.com\/en\/wp-json\/wp\/v2\/pages\/19\/revisions\/3147"}],"wp:featuredmedia":[{"embeddable":true,"href":"https:\/\/escueladedirecciontoledo.com\/en\/wp-json\/wp\/v2\/media\/3148"}],"wp:attachment":[{"href":"https:\/\/escueladedirecciontoledo.com\/en\/wp-json\/wp\/v2\/media?parent=19"}],"curies":[{"name":"wp","href":"https:\/\/api.w.org\/{rel}","templated":true}]}}